{"id":11628,"date":"2022-06-23T01:17:33","date_gmt":"2022-06-23T01:17:33","guid":{"rendered":"https:\/\/lamomegroupe.com\/privacy-policy\/"},"modified":"2025-10-02T19:22:16","modified_gmt":"2025-10-02T19:22:16","slug":"privacy-policy","status":"publish","type":"page","link":"https:\/\/lamomegroupe.com\/en\/privacy-policy\/","title":{"rendered":"PRIVACY POLICY"},"content":{"rendered":"\t\t<div data-elementor-type=\"wp-page\" data-elementor-id=\"11628\" class=\"elementor elementor-11628 elementor-8036\" data-elementor-post-type=\"page\">\n\t\t\t\t<div class=\"elementor-element elementor-element-3ef5a92 e-flex e-con-boxed e-con e-parent\" data-id=\"3ef5a92\" data-element_type=\"container\" data-e-type=\"container\" data-settings=\"{&quot;background_background&quot;:&quot;classic&quot;}\">\n\t\t\t\t\t<div class=\"e-con-inner\">\n\t\t<div class=\"elementor-element elementor-element-fe1c1f5 e-con-full e-flex e-con e-child\" data-id=\"fe1c1f5\" data-element_type=\"container\" data-e-type=\"container\">\n\t\t\t\t<div class=\"elementor-element elementor-element-7f7e4b7 elementor-invisible elementor-widget elementor-widget-pt_title\" data-id=\"7f7e4b7\" data-element_type=\"widget\" data-e-type=\"widget\" data-settings=\"{&quot;_animation&quot;:&quot;zoomIn&quot;}\" data-widget_type=\"pt_title.default\">\n\t\t\t\t<div class=\"elementor-widget-container\">\n\t\t\t\t\t\n        <div class=\"pt-title-wrap text-center\">\t            <h1 class=\"pt-title\">\n\t                PRIVACY POLICY\t            <\/h1>        <\/div>\t\t\t\t<\/div>\n\t\t\t\t<\/div>\n\t\t\t\t<div class=\"elementor-element elementor-element-573449a elementor-widget elementor-widget-spacer\" data-id=\"573449a\" data-element_type=\"widget\" data-e-type=\"widget\" data-widget_type=\"spacer.default\">\n\t\t\t\t\t\t\t<div class=\"elementor-spacer\">\n\t\t\t<div class=\"elementor-spacer-inner\"><\/div>\n\t\t<\/div>\n\t\t\t\t\t\t<\/div>\n\t\t\t\t<\/div>\n\t\t\t\t\t<\/div>\n\t\t\t\t<\/div>\n\t\t<div class=\"elementor-element elementor-element-2e125a01 e-flex e-con-boxed e-con e-parent\" data-id=\"2e125a01\" data-element_type=\"container\" data-e-type=\"container\">\n\t\t\t\t\t<div class=\"e-con-inner\">\n\t\t\t\t<div class=\"elementor-element elementor-element-273f3470 elementor-widget elementor-widget-text-editor\" data-id=\"273f3470\" data-element_type=\"widget\" data-e-type=\"widget\" data-widget_type=\"text-editor.default\">\n\t\t\t\t\t\t\t\t\t<div class=\"eltdf-title-holder eltdf-standard-with-breadcrumbs-type eltdf-title-va-header-bottom\" data-height=\"189\"><div class=\"eltdf-title-wrapper\"><div class=\"eltdf-title-inner\"><div class=\"eltdf-grid\"><div class=\"eltdf-title-info\"><p><strong>Article 1 \u2013 PERSONAL INFORMATION COLLECTED<\/strong><br \/>When you accept cookies on our website <a href=\"https:\/\/www.lamomegroupe.com\/\">https:\/\/www.lamomegroupe.com\/<\/a>, we collect the personal information you provide to us, such as your name, address, and email address. When you browse our site, we also automatically receive your computer\u2019s Internet Protocol (IP) address, which allows us to obtain more details about the browser and operating system you are using.<\/p><p>Email Marketing (if applicable): With your permission, we may send you emails about our store, new products, and other updates.<\/p><p><strong>Article 2 \u2013 CONSENT<\/strong><br \/><strong>How do you obtain my consent?<\/strong><br \/>When you provide us with your personal information to complete a contact request, we assume that you consent to our collection and use of that information for this specific purpose only.<\/p><p>If we ask you to provide your personal information for any other purpose, such as marketing, we will either ask you directly for your explicit consent or provide you with the opportunity to decline.<\/p><p><strong>How do I withdraw my consent?<\/strong><br \/>If, after giving your consent, you change your mind and no longer agree to us contacting you, collecting, or disclosing your information, you may notify us by contacting us at <strong><a href=\"mailto:lamomecannes@lamomegroupe.com\">lamomecannes@lamomegroupe.com<\/a><\/strong>.<\/p><p><strong>Article 3 \u2013 DISCLOSURE<\/strong><br \/>We may disclose your personal information if required by law or if you violate our Terms and Conditions of Sale and Use.<\/p><p><strong>Article 4 \u2013 EX2<\/strong><br \/>Our store is hosted on <strong>EX2<\/strong>. They provide us with the WordPress platform that enables us to sell our services and products through our e-commerce site. Your data is stored in EX2\u2019s data storage system and databases. Your data is kept on a secure, protected server.<\/p><p><strong>Article 6 \u2013 THIRD-PARTY SERVICES<\/strong><br \/>In general, the third-party providers we use will only collect, use, and disclose your information to the extent necessary to perform the services they provide to us.<\/p><p>However, some third-party service providers, such as payment gateways and other payment transaction processors, have their own privacy policies regarding the information we are required to provide for your purchase-related transactions.<\/p><p>For these providers, we recommend that you read their privacy policies carefully so that you can understand how they will handle your personal information.<\/p><p>Please note that some providers may be located in or have facilities located in a different jurisdiction from yours or ours. Therefore, if you choose to proceed with a transaction that involves the services of a third-party provider, your information may become subject to the laws of the jurisdiction(s) where that provider or its facilities are located.<\/p><p>For example, if you are located in Canada and your transaction is processed by a payment gateway based in the United States, your personal information used to complete the transaction may be subject to disclosure under United States legislation, including the Patriot Act.<\/p><p>Once you leave our store\u2019s website or are redirected to a third-party website or application, you are no longer governed by this Privacy Policy or our Terms and Conditions of Sale and Use.<\/p><p><strong>Links<\/strong><br \/>When you click on links on our site, they may direct you away from our website. We are not responsible for the privacy practices of other sites and encourage you to read their privacy policies carefully.<\/p><p><strong>Article 7 \u2013 PERSONAL DATA<\/strong><br \/>The User is hereby informed that personal data identified as mandatory on forms and collected within the framework of the services described herein are necessary for use of the Site.<\/p><p>Among the User\u2019s personal data collected by the Operator may be:<\/p><ul><li><p>First and last name<\/p><\/li><li><p>Email address<\/p><\/li><li><p>Telephone number<\/p><\/li><li><p>IP address (virtual address of the user\u2019s computer)<\/p><\/li><\/ul><p>The Operator undertakes to protect the Client\u2019s personal data and all personal information obtained through the use of the Site\u2019s services.<\/p><p>Each Client is solely responsible for maintaining the confidentiality of their login and password and for all access to their Client Account, whether authorized or not.<\/p><p>The Operator shall not be held liable for any actions or damages carried out via the Client\u2019s personal account by a third party who has gained access to their credentials as a result of fault or negligence attributable to the Client.<\/p><p>The Client agrees to immediately notify the Operator upon becoming aware of or suspecting unauthorized use or access to their personal account.<\/p><p>All personal data collected by the Operator are collected directly from the Client and processed by the Operator to enable the implementation and management of the Site\u2019s services.<\/p><p>This data may also be used to generate statistics in order to improve the Site\u2019s services. It may be transmitted to the Operator\u2019s partners and suppliers involved in delivery, billing, and management for the purpose of order processing, as well as for marketing and customer relationship management purposes.<\/p><p>The Operator complies with data protection legislation. As the Site collects personal data, it has been declared to the <strong>CNIL<\/strong> under the number <strong>2176718 v 0<\/strong>.<\/p><p><strong>Article 8 \u2013 CREATION OF CLIENT ACCOUNT<\/strong><br \/>To place an order on the Site, the Client must first create a personal client account. Once created, the Client must log in using their confidential and personal username and password.<\/p><p>It is the Client\u2019s responsibility not to disclose their login details and password, in accordance with the provisions of the <strong>PERSONAL DATA<\/strong> article herein.<\/p><p>The Client agrees to maintain strict confidentiality regarding login information, recognizing that they are solely responsible for all access to the Service through their login and password, unless fraud is proven.<\/p><p>In the event of loss, misuse, or fraudulent use of login details, the Client agrees to immediately notify the Operator.<\/p><p>Upon creation of their personal account, the Client will receive an email confirming the creation of the account.<\/p><p>The Client agrees, upon registration, to:<\/p><ul><li><p>Provide real, accurate, and up-to-date information at the time of entry, and not to use false names or addresses, or names\/addresses without authorization.<\/p><\/li><li><p>Keep their registration data up to date to ensure it remains accurate and current at all times.<\/p><\/li><li><p>Refrain from making available or distributing any unlawful or objectionable content (such as defamatory information or identity theft), or harmful content (such as viruses).<\/p><\/li><\/ul><p>In the event of violation, the Operator reserves the right to suspend or terminate the Client\u2019s access to the Site at the Client\u2019s sole fault.<\/p><p><strong>Article 9 \u2013 SECURITY<\/strong><br \/>To protect your personal data, we take reasonable precautions and follow industry best practices to ensure it is not lost, misused, accessed, disclosed, altered, or destroyed inappropriately.<\/p><p>If you provide us with your credit card information, it will be encrypted using SSL security protocol and stored with AES-256 encryption.<\/p><p>Although no method of transmission over the Internet or electronic storage is 100% secure, we follow all PCI-DSS requirements and implement additional generally recognized industry standards.<\/p><p><strong>Cookies<\/strong><br \/>A cookie is a small file that does not allow user identification but records information relating to a computer\u2019s navigation on a website. The data obtained in this way is intended to facilitate subsequent browsing on the site and may also be used for various audience measurement purposes.<\/p><p>Refusing to install a cookie may make it impossible to access certain services. However, the user can configure their computer as follows to refuse the installation of cookies:<\/p><ul><li><p><strong>Internet Explorer<\/strong>: Tools tab (gear icon at the top right) \/ Internet Options. Click on Privacy and select Block all cookies. Confirm with OK.<\/p><\/li><li><p><strong>Firefox<\/strong>: At the top of the browser window, click the Firefox button, then go to Options. Select the Privacy tab. Under History settings, choose Use custom settings for history. Uncheck to disable cookies.<\/p><\/li><li><p><strong>Safari<\/strong>: Click the menu icon (gear) at the top right. Select Preferences. Click on Advanced settings. Under \u201cPrivacy,\u201d click Content settings. Under \u201cCookies,\u201d you can block cookies.<\/p><\/li><li><p><strong>Chrome<\/strong>: Click the menu icon (three horizontal lines) at the top right. Select Settings. Click on Advanced settings. Under \u201cPrivacy,\u201d click Preferences. In the Privacy tab, you can block cookies.<\/p><\/li><\/ul><p><strong>Article 10 \u2013 AGE OF CONSENT<\/strong><br \/>By using this site, you declare that you are at least the age of majority in your state or province of residence, and that you have given us your consent to allow any minor dependents in your charge to use this website.<\/p><p><strong>Article 11 \u2013 HYPERTEXT LINKS<\/strong><br \/>The hypertext links available on the Site <a href=\"https:\/\/www.lamomegroupe.com\/\">https:\/\/www.lamomegroupe.com\/<\/a> may redirect to third-party sites not operated by the Operator. They are provided solely for the convenience of the Client to facilitate access to Internet resources.<\/p><p>If the Client uses these links, they will leave the Site and do so at their own risk and subject to the conditions of use applicable to such third-party sites.<\/p><p>The Client acknowledges that the Operator neither controls nor contributes in any way to the development of the terms of use and\/or content of such third-party sites. Accordingly, the Operator cannot be held liable in any way for such links.<\/p><p>The Client further acknowledges that the Operator does not endorse, guarantee, or assume responsibility for any of the terms of use and\/or content of these third-party sites.<\/p><p>The Site may also contain promotional hypertext links and\/or advertising banners redirecting to third-party sites not operated by the Operator.<\/p><p>The Operator invites the Client to report any hypertext link on the Site that provides access to content contrary to the law and\/or good morals.<\/p><p>The Client may not use and\/or insert a hypertext link to the Site without the prior written authorization of the Operator, granted on a case-by-case basis.<\/p><p><strong>Article 12 \u2013 CHANGES TO THIS PRIVACY POLICY<\/strong><br \/>The Operator reserves the right to modify at any time, without notice, the content of the Site or the services available on it, and\/or to temporarily or permanently cease operation of all or part of the Site.<\/p><p>The Operator also reserves the right to modify at any time and without notice the Site\u2019s location on the Internet, as well as these Terms and Conditions of Use.<\/p><p>The Client is therefore required to review these Terms and Conditions of Use before any use of the Site.<\/p><p>The Client acknowledges that the Operator cannot be held liable in any way for such modifications, suspensions, or terminations.<\/p><p>The Operator advises the Client to save and\/or print these Terms and Conditions of Use for safe and durable retention, so that they may be invoked at any time during contract execution if necessary.<\/p><p><strong>QUESTIONS AND CONTACT INFORMATION<\/strong><br \/>If you would like to access, correct, amend, or delete any personal information we have about you, lodge a complaint, or simply want more information, please contact us at: <strong><a href=\"mailto:lamomecannes@lamomegroupe.com\">lamomecannes@lamomegroupe.com<\/a><\/strong><\/p><\/div><\/div><\/div><\/div><\/div>\t\t\t\t\t\t\t\t<\/div>\n\t\t\t\t\t<\/div>\n\t\t\t\t<\/div>\n\t\t\t\t<\/div>\n\t\t","protected":false},"excerpt":{"rendered":"<p>PRIVACY POLICY Article 1 \u2013 PERSONAL INFORMATION COLLECTEDWhen you accept cookies on our website https:\/\/www.lamomegroupe.com\/, we collect the personal information you provide to us, such as your name, address, and email address. When you browse our site, we also automatically receive your computer\u2019s Internet Protocol (IP) address, which allows us to obtain more details about &#8230;<\/p>\n","protected":false},"author":2,"featured_media":0,"parent":0,"menu_order":0,"comment_status":"closed","ping_status":"closed","template":"elementor_header_footer","meta":{"patiotime_single_page_hide_site_header":"","patiotime_single_page_site_header_source":"","patiotime_single_page_custom_site_header":"0","patiotime_single_page_custom_sticky_site_header":"0","patiotime_single_page_hide_page_title":"","patiotime_single_page_header_section_size":"","patiotime_single_page_header_background_color":"","patiotime_single_page_header_background_position_x":"center","patiotime_single_page_header_background_position_y":"center","patiotime_single_page_header_background_size":"cover","patiotime_single_page_header_background_repeat":"off","patiotime_single_page_header_background_scroll":"on","patiotime_single_page_header_text_color":"","patiotime_single_page_header_show_breadcrumb":"","patiotime_single_page_site_footer_hide_main":"","patiotime_single_page_site_footer_hide_above":"","patiotime_single_page_site_footer_hide_instagram":"","patiotime_single_page_site_footer_hide_bottom":"","footnotes":""},"class_list":["post-11628","page","type-page","status-publish","hentry"],"yoast_head":"<!-- This site is optimized with the Yoast SEO plugin v27.4 - https:\/\/yoast.com\/product\/yoast-seo-wordpress\/ -->\n<title>PRIVACY POLICY - M\u00f4me Groupe<\/title>\n<meta name=\"robots\" content=\"index, follow, max-snippet:-1, max-image-preview:large, max-video-preview:-1\" \/>\n<link rel=\"canonical\" href=\"https:\/\/lamomegroupe.com\/en\/privacy-policy\/\" \/>\n<meta property=\"og:locale\" content=\"en_US\" \/>\n<meta property=\"og:type\" content=\"article\" \/>\n<meta property=\"og:title\" content=\"PRIVACY POLICY - M\u00f4me Groupe\" \/>\n<meta property=\"og:description\" content=\"PRIVACY POLICY Article 1 \u2013 PERSONAL INFORMATION COLLECTEDWhen you accept cookies on our website https:\/\/www.lamomegroupe.com\/, we collect the personal information you provide to us, such as your name, address, and email address. When you browse our site, we also automatically receive your computer\u2019s Internet Protocol (IP) address, which allows us to obtain more details about ...\" \/>\n<meta property=\"og:url\" content=\"https:\/\/lamomegroupe.com\/en\/privacy-policy\/\" \/>\n<meta property=\"og:site_name\" content=\"M\u00f4me Groupe\" \/>\n<meta property=\"article:modified_time\" content=\"2025-10-02T19:22:16+00:00\" \/>\n<meta name=\"twitter:card\" content=\"summary_large_image\" \/>\n<meta name=\"twitter:label1\" content=\"Est. reading time\" \/>\n\t<meta name=\"twitter:data1\" content=\"1 minute\" \/>\n<script type=\"application\/ld+json\" class=\"yoast-schema-graph\">{\"@context\":\"https:\\\/\\\/schema.org\",\"@graph\":[{\"@type\":\"WebPage\",\"@id\":\"https:\\\/\\\/lamomegroupe.com\\\/en\\\/privacy-policy\\\/\",\"url\":\"https:\\\/\\\/lamomegroupe.com\\\/en\\\/privacy-policy\\\/\",\"name\":\"PRIVACY POLICY - M\u00f4me Groupe\",\"isPartOf\":{\"@id\":\"https:\\\/\\\/lamomegroupe.com\\\/en\\\/#website\"},\"datePublished\":\"2022-06-23T01:17:33+00:00\",\"dateModified\":\"2025-10-02T19:22:16+00:00\",\"breadcrumb\":{\"@id\":\"https:\\\/\\\/lamomegroupe.com\\\/en\\\/privacy-policy\\\/#breadcrumb\"},\"inLanguage\":\"en-US\",\"potentialAction\":[{\"@type\":\"ReadAction\",\"target\":[\"https:\\\/\\\/lamomegroupe.com\\\/en\\\/privacy-policy\\\/\"]}]},{\"@type\":\"BreadcrumbList\",\"@id\":\"https:\\\/\\\/lamomegroupe.com\\\/en\\\/privacy-policy\\\/#breadcrumb\",\"itemListElement\":[{\"@type\":\"ListItem\",\"position\":1,\"name\":\"Home\",\"item\":\"https:\\\/\\\/lamomegroupe.com\\\/en\\\/\"},{\"@type\":\"ListItem\",\"position\":2,\"name\":\"PRIVACY POLICY\"}]},{\"@type\":\"WebSite\",\"@id\":\"https:\\\/\\\/lamomegroupe.com\\\/en\\\/#website\",\"url\":\"https:\\\/\\\/lamomegroupe.com\\\/en\\\/\",\"name\":\"M\u00f4me Groupe\",\"description\":\"Petit-d\u00e9jeuner . D\u00e9jeuner . P\u00e2tisseries . Glaces artisanales\",\"publisher\":{\"@id\":\"https:\\\/\\\/lamomegroupe.com\\\/en\\\/#organization\"},\"potentialAction\":[{\"@type\":\"SearchAction\",\"target\":{\"@type\":\"EntryPoint\",\"urlTemplate\":\"https:\\\/\\\/lamomegroupe.com\\\/en\\\/?s={search_term_string}\"},\"query-input\":{\"@type\":\"PropertyValueSpecification\",\"valueRequired\":true,\"valueName\":\"search_term_string\"}}],\"inLanguage\":\"en-US\"},{\"@type\":\"Organization\",\"@id\":\"https:\\\/\\\/lamomegroupe.com\\\/en\\\/#organization\",\"name\":\"M\u00f4me Groupe\",\"url\":\"https:\\\/\\\/lamomegroupe.com\\\/en\\\/\",\"logo\":{\"@type\":\"ImageObject\",\"inLanguage\":\"en-US\",\"@id\":\"https:\\\/\\\/lamomegroupe.com\\\/en\\\/#\\\/schema\\\/logo\\\/image\\\/\",\"url\":\"https:\\\/\\\/lamomegroupe.com\\\/wp-content\\\/uploads\\\/2025\\\/09\\\/LA_MOME_GROUPE_LOGO_BLANC.png\",\"contentUrl\":\"https:\\\/\\\/lamomegroupe.com\\\/wp-content\\\/uploads\\\/2025\\\/09\\\/LA_MOME_GROUPE_LOGO_BLANC.png\",\"width\":1501,\"height\":876,\"caption\":\"M\u00f4me Groupe\"},\"image\":{\"@id\":\"https:\\\/\\\/lamomegroupe.com\\\/en\\\/#\\\/schema\\\/logo\\\/image\\\/\"}}]}<\/script>\n<!-- \/ Yoast SEO plugin. -->","yoast_head_json":{"title":"PRIVACY POLICY - M\u00f4me Groupe","robots":{"index":"index","follow":"follow","max-snippet":"max-snippet:-1","max-image-preview":"max-image-preview:large","max-video-preview":"max-video-preview:-1"},"canonical":"https:\/\/lamomegroupe.com\/en\/privacy-policy\/","og_locale":"en_US","og_type":"article","og_title":"PRIVACY POLICY - M\u00f4me Groupe","og_description":"PRIVACY POLICY Article 1 \u2013 PERSONAL INFORMATION COLLECTEDWhen you accept cookies on our website https:\/\/www.lamomegroupe.com\/, we collect the personal information you provide to us, such as your name, address, and email address. When you browse our site, we also automatically receive your computer\u2019s Internet Protocol (IP) address, which allows us to obtain more details about ...","og_url":"https:\/\/lamomegroupe.com\/en\/privacy-policy\/","og_site_name":"M\u00f4me Groupe","article_modified_time":"2025-10-02T19:22:16+00:00","twitter_card":"summary_large_image","twitter_misc":{"Est. reading time":"1 minute"},"schema":{"@context":"https:\/\/schema.org","@graph":[{"@type":"WebPage","@id":"https:\/\/lamomegroupe.com\/en\/privacy-policy\/","url":"https:\/\/lamomegroupe.com\/en\/privacy-policy\/","name":"PRIVACY POLICY - M\u00f4me Groupe","isPartOf":{"@id":"https:\/\/lamomegroupe.com\/en\/#website"},"datePublished":"2022-06-23T01:17:33+00:00","dateModified":"2025-10-02T19:22:16+00:00","breadcrumb":{"@id":"https:\/\/lamomegroupe.com\/en\/privacy-policy\/#breadcrumb"},"inLanguage":"en-US","potentialAction":[{"@type":"ReadAction","target":["https:\/\/lamomegroupe.com\/en\/privacy-policy\/"]}]},{"@type":"BreadcrumbList","@id":"https:\/\/lamomegroupe.com\/en\/privacy-policy\/#breadcrumb","itemListElement":[{"@type":"ListItem","position":1,"name":"Home","item":"https:\/\/lamomegroupe.com\/en\/"},{"@type":"ListItem","position":2,"name":"PRIVACY POLICY"}]},{"@type":"WebSite","@id":"https:\/\/lamomegroupe.com\/en\/#website","url":"https:\/\/lamomegroupe.com\/en\/","name":"M\u00f4me Groupe","description":"Petit-d\u00e9jeuner . D\u00e9jeuner . P\u00e2tisseries . Glaces artisanales","publisher":{"@id":"https:\/\/lamomegroupe.com\/en\/#organization"},"potentialAction":[{"@type":"SearchAction","target":{"@type":"EntryPoint","urlTemplate":"https:\/\/lamomegroupe.com\/en\/?s={search_term_string}"},"query-input":{"@type":"PropertyValueSpecification","valueRequired":true,"valueName":"search_term_string"}}],"inLanguage":"en-US"},{"@type":"Organization","@id":"https:\/\/lamomegroupe.com\/en\/#organization","name":"M\u00f4me Groupe","url":"https:\/\/lamomegroupe.com\/en\/","logo":{"@type":"ImageObject","inLanguage":"en-US","@id":"https:\/\/lamomegroupe.com\/en\/#\/schema\/logo\/image\/","url":"https:\/\/lamomegroupe.com\/wp-content\/uploads\/2025\/09\/LA_MOME_GROUPE_LOGO_BLANC.png","contentUrl":"https:\/\/lamomegroupe.com\/wp-content\/uploads\/2025\/09\/LA_MOME_GROUPE_LOGO_BLANC.png","width":1501,"height":876,"caption":"M\u00f4me Groupe"},"image":{"@id":"https:\/\/lamomegroupe.com\/en\/#\/schema\/logo\/image\/"}}]}},"_links":{"self":[{"href":"https:\/\/lamomegroupe.com\/en\/wp-json\/wp\/v2\/pages\/11628","targetHints":{"allow":["GET"]}}],"collection":[{"href":"https:\/\/lamomegroupe.com\/en\/wp-json\/wp\/v2\/pages"}],"about":[{"href":"https:\/\/lamomegroupe.com\/en\/wp-json\/wp\/v2\/types\/page"}],"author":[{"embeddable":true,"href":"https:\/\/lamomegroupe.com\/en\/wp-json\/wp\/v2\/users\/2"}],"replies":[{"embeddable":true,"href":"https:\/\/lamomegroupe.com\/en\/wp-json\/wp\/v2\/comments?post=11628"}],"version-history":[{"count":0,"href":"https:\/\/lamomegroupe.com\/en\/wp-json\/wp\/v2\/pages\/11628\/revisions"}],"wp:attachment":[{"href":"https:\/\/lamomegroupe.com\/en\/wp-json\/wp\/v2\/media?parent=11628"}],"curies":[{"name":"wp","href":"https:\/\/api.w.org\/{rel}","templated":true}]}}