{"id":11626,"date":"2022-04-05T13:55:08","date_gmt":"2022-04-05T13:55:08","guid":{"rendered":"https:\/\/lamomegroupe.com\/our-cards\/"},"modified":"2025-10-02T18:55:43","modified_gmt":"2025-10-02T18:55:43","slug":"the-magazine","status":"publish","type":"page","link":"https:\/\/lamomegroupe.com\/en\/the-magazine\/","title":{"rendered":"The Magazine"},"content":{"rendered":"\t\t<div data-elementor-type=\"wp-page\" data-elementor-id=\"11626\" class=\"elementor elementor-11626 elementor-4894\" data-elementor-post-type=\"page\">\n\t\t\t\t<div class=\"elementor-element elementor-element-c0f74cf e-flex e-con-boxed e-con e-parent\" data-id=\"c0f74cf\" data-element_type=\"container\" data-e-type=\"container\" data-settings=\"{&quot;background_background&quot;:&quot;classic&quot;}\">\n\t\t\t\t\t<div class=\"e-con-inner\">\n\t\t<div class=\"elementor-element elementor-element-9b65e1d e-con-full e-flex e-con e-child\" data-id=\"9b65e1d\" data-element_type=\"container\" data-e-type=\"container\">\n\t\t\t\t<div class=\"elementor-element elementor-element-2a910ae elementor-invisible elementor-widget elementor-widget-pt_title\" data-id=\"2a910ae\" data-element_type=\"widget\" data-e-type=\"widget\" data-settings=\"{&quot;_animation&quot;:&quot;zoomIn&quot;}\" data-widget_type=\"pt_title.default\">\n\t\t\t\t<div class=\"elementor-widget-container\">\n\t\t\t\t\t\n        <div class=\"pt-title-wrap text-center\">\t            <h1 class=\"pt-title\">\n\t                The Magazine\t            <\/h1>        <\/div>\t\t\t\t<\/div>\n\t\t\t\t<\/div>\n\t\t\t\t<div class=\"elementor-element elementor-element-e6cceea elementor-widget elementor-widget-spacer\" data-id=\"e6cceea\" data-element_type=\"widget\" data-e-type=\"widget\" data-widget_type=\"spacer.default\">\n\t\t\t\t\t\t\t<div class=\"elementor-spacer\">\n\t\t\t<div class=\"elementor-spacer-inner\"><\/div>\n\t\t<\/div>\n\t\t\t\t\t\t<\/div>\n\t\t<div class=\"elementor-element elementor-element-ceb91e0 e-con-full elementor-hidden-desktop elementor-hidden-laptop elementor-hidden-tablet elementor-hidden-mobile e-flex e-con e-child\" data-id=\"ceb91e0\" data-element_type=\"container\" data-e-type=\"container\">\n\t\t\t\t<div class=\"elementor-element elementor-element-5f24eee elementor-align-justify animated-slow elementor-mobile-align-center elementor-widget__width-initial elementor-widget elementor-widget-button\" data-id=\"5f24eee\" data-element_type=\"widget\" data-e-type=\"widget\" data-settings=\"{&quot;_animation&quot;:&quot;none&quot;}\" data-widget_type=\"button.default\">\n\t\t\t\t\t\t\t\t\t\t<a class=\"elementor-button elementor-button-link elementor-size-sm\" href=\"https:\/\/lamomegroupe.com\/carriere\/\" target=\"_blank\">\n\t\t\t\t\t\t<span class=\"elementor-button-content-wrapper\">\n\t\t\t\t\t\t\t\t\t<span class=\"elementor-button-text\">Carri\u00e8re<\/span>\n\t\t\t\t\t<\/span>\n\t\t\t\t\t<\/a>\n\t\t\t\t\t\t\t\t<\/div>\n\t\t\t\t<\/div>\n\t\t\t\t<\/div>\n\t\t\t\t\t<\/div>\n\t\t\t\t<\/div>\n\t\t<div class=\"elementor-element elementor-element-3b0e608 e-flex e-con-boxed e-con e-parent\" data-id=\"3b0e608\" data-element_type=\"container\" data-e-type=\"container\">\n\t\t\t\t\t<div class=\"e-con-inner\">\n\t\t\t\t<div class=\"elementor-element elementor-element-5927568 elementor-widget elementor-widget-heading\" data-id=\"5927568\" data-element_type=\"widget\" data-e-type=\"widget\" data-widget_type=\"heading.default\">\n\t\t\t\t\t<h2 class=\"elementor-heading-title elementor-size-default\">La m\u00f4me groupe magazine<\/h2>\t\t\t\t<\/div>\n\t\t<div class=\"elementor-element elementor-element-68d8641 e-con-full e-flex e-con e-child\" data-id=\"68d8641\" data-element_type=\"container\" data-e-type=\"container\">\n\t\t<div class=\"elementor-element elementor-element-3629dc0 e-con-full e-flex e-con e-child\" data-id=\"3629dc0\" data-element_type=\"container\" data-e-type=\"container\">\n\t\t\t\t<div class=\"elementor-element elementor-element-78d5624 elementor-widget elementor-widget-image\" data-id=\"78d5624\" data-element_type=\"widget\" data-e-type=\"widget\" data-widget_type=\"image.default\">\n\t\t\t\t\t\t\t\t\t\t\t\t\t\t\t\t<a href=\"https:\/\/www.calameo.com\/read\/005040185c12d63e1e5ee?authid=B0m1J8CjIYdh\" target=\"_blank\">\n\t\t\t\t\t\t\t<img fetchpriority=\"high\" decoding=\"async\" width=\"730\" height=\"1024\" src=\"https:\/\/lamomegroupe.com\/wp-content\/uploads\/2025\/09\/Capture-decran-12.09.2025-a-10.25.28-AM-730x1024.png\" class=\"attachment-large size-large wp-image-13038\" alt=\"\" srcset=\"https:\/\/lamomegroupe.com\/wp-content\/uploads\/2025\/09\/Capture-decran-12.09.2025-a-10.25.28-AM-730x1024.png 730w, https:\/\/lamomegroupe.com\/wp-content\/uploads\/2025\/09\/Capture-decran-12.09.2025-a-10.25.28-AM-214x300.png 214w, https:\/\/lamomegroupe.com\/wp-content\/uploads\/2025\/09\/Capture-decran-12.09.2025-a-10.25.28-AM-768x1078.png 768w, https:\/\/lamomegroupe.com\/wp-content\/uploads\/2025\/09\/Capture-decran-12.09.2025-a-10.25.28-AM-780x1094.png 780w, https:\/\/lamomegroupe.com\/wp-content\/uploads\/2025\/09\/Capture-decran-12.09.2025-a-10.25.28-AM-600x842.png 600w, https:\/\/lamomegroupe.com\/wp-content\/uploads\/2025\/09\/Capture-decran-12.09.2025-a-10.25.28-AM-550x772.png 550w, https:\/\/lamomegroupe.com\/wp-content\/uploads\/2025\/09\/Capture-decran-12.09.2025-a-10.25.28-AM-370x519.png 370w, https:\/\/lamomegroupe.com\/wp-content\/uploads\/2025\/09\/Capture-decran-12.09.2025-a-10.25.28-AM-255x358.png 255w, https:\/\/lamomegroupe.com\/wp-content\/uploads\/2025\/09\/Capture-decran-12.09.2025-a-10.25.28-AM.png 851w\" sizes=\"(max-width: 730px) 100vw, 730px\" \/>\t\t\t\t\t\t\t\t<\/a>\n\t\t\t\t\t\t\t\t\t\t\t\t\t\t\t<\/div>\n\t\t\t\t<div class=\"elementor-element elementor-element-24ff7ed elementor-widget elementor-widget-heading\" data-id=\"24ff7ed\" data-element_type=\"widget\" data-e-type=\"widget\" data-widget_type=\"heading.default\">\n\t\t\t\t\t<h3 class=\"elementor-heading-title elementor-size-default\">2025<\/h3>\t\t\t\t<\/div>\n\t\t\t\t<\/div>\n\t\t<div class=\"elementor-element elementor-element-1427ae9 e-con-full e-flex e-con e-child\" data-id=\"1427ae9\" data-element_type=\"container\" data-e-type=\"container\">\n\t\t\t\t<div class=\"elementor-element elementor-element-90b44d4 elementor-widget elementor-widget-image\" data-id=\"90b44d4\" data-element_type=\"widget\" data-e-type=\"widget\" data-widget_type=\"image.default\">\n\t\t\t\t\t\t\t\t\t\t\t\t\t\t\t\t<a href=\"https:\/\/www.calameo.com\/read\/00504018536412005e38c?authid=9Uep4hyVEuZn\" target=\"_blank\">\n\t\t\t\t\t\t\t<img decoding=\"async\" width=\"724\" height=\"1024\" src=\"https:\/\/lamomegroupe.com\/wp-content\/uploads\/2025\/09\/La-Mome-2022-220623_Page_01-724x1024.jpg\" class=\"attachment-large size-large wp-image-13034\" alt=\"\" srcset=\"https:\/\/lamomegroupe.com\/wp-content\/uploads\/2025\/09\/La-Mome-2022-220623_Page_01-724x1024.jpg 724w, https:\/\/lamomegroupe.com\/wp-content\/uploads\/2025\/09\/La-Mome-2022-220623_Page_01-212x300.jpg 212w, https:\/\/lamomegroupe.com\/wp-content\/uploads\/2025\/09\/La-Mome-2022-220623_Page_01-768x1086.jpg 768w, https:\/\/lamomegroupe.com\/wp-content\/uploads\/2025\/09\/La-Mome-2022-220623_Page_01-1086x1536.jpg 1086w, https:\/\/lamomegroupe.com\/wp-content\/uploads\/2025\/09\/La-Mome-2022-220623_Page_01-1448x2048.jpg 1448w, https:\/\/lamomegroupe.com\/wp-content\/uploads\/2025\/09\/La-Mome-2022-220623_Page_01-1920x2715.jpg 1920w, https:\/\/lamomegroupe.com\/wp-content\/uploads\/2025\/09\/La-Mome-2022-220623_Page_01-1440x2036.jpg 1440w, https:\/\/lamomegroupe.com\/wp-content\/uploads\/2025\/09\/La-Mome-2022-220623_Page_01-1200x1697.jpg 1200w, https:\/\/lamomegroupe.com\/wp-content\/uploads\/2025\/09\/La-Mome-2022-220623_Page_01-780x1103.jpg 780w, https:\/\/lamomegroupe.com\/wp-content\/uploads\/2025\/09\/La-Mome-2022-220623_Page_01-600x848.jpg 600w, https:\/\/lamomegroupe.com\/wp-content\/uploads\/2025\/09\/La-Mome-2022-220623_Page_01-550x778.jpg 550w, https:\/\/lamomegroupe.com\/wp-content\/uploads\/2025\/09\/La-Mome-2022-220623_Page_01-370x523.jpg 370w, https:\/\/lamomegroupe.com\/wp-content\/uploads\/2025\/09\/La-Mome-2022-220623_Page_01-255x361.jpg 255w, https:\/\/lamomegroupe.com\/wp-content\/uploads\/2025\/09\/La-Mome-2022-220623_Page_01-scaled.jpg 1810w\" sizes=\"(max-width: 724px) 100vw, 724px\" \/>\t\t\t\t\t\t\t\t<\/a>\n\t\t\t\t\t\t\t\t\t\t\t\t\t\t\t<\/div>\n\t\t\t\t<div class=\"elementor-element elementor-element-9513de2 elementor-widget elementor-widget-heading\" data-id=\"9513de2\" data-element_type=\"widget\" data-e-type=\"widget\" data-widget_type=\"heading.default\">\n\t\t\t\t\t<h3 class=\"elementor-heading-title elementor-size-default\">2022<\/h3>\t\t\t\t<\/div>\n\t\t\t\t<\/div>\n\t\t\t\t<\/div>\n\t\t<div class=\"elementor-element elementor-element-fe4ff5f e-con-full e-flex e-con e-child\" data-id=\"fe4ff5f\" data-element_type=\"container\" data-e-type=\"container\">\n\t\t<div class=\"elementor-element elementor-element-41476a5 e-con-full e-flex e-con e-child\" data-id=\"41476a5\" data-element_type=\"container\" data-e-type=\"container\">\n\t\t\t\t<div class=\"elementor-element elementor-element-c2a3f0f elementor-widget elementor-widget-image\" data-id=\"c2a3f0f\" data-element_type=\"widget\" data-e-type=\"widget\" data-widget_type=\"image.default\">\n\t\t\t\t\t\t\t\t\t\t\t\t\t\t\t\t<a href=\"https:\/\/www.calameo.com\/read\/005040185c5a6d4fc1ba4?authid=T48vdurdXLGd\" target=\"_blank\">\n\t\t\t\t\t\t\t<img decoding=\"async\" width=\"612\" height=\"866\" src=\"https:\/\/lamomegroupe.com\/wp-content\/uploads\/2025\/09\/LaMome2021_Page_01.jpg\" class=\"attachment-large size-large wp-image-13030\" alt=\"\" srcset=\"https:\/\/lamomegroupe.com\/wp-content\/uploads\/2025\/09\/LaMome2021_Page_01.jpg 612w, https:\/\/lamomegroupe.com\/wp-content\/uploads\/2025\/09\/LaMome2021_Page_01-212x300.jpg 212w, https:\/\/lamomegroupe.com\/wp-content\/uploads\/2025\/09\/LaMome2021_Page_01-600x849.jpg 600w, https:\/\/lamomegroupe.com\/wp-content\/uploads\/2025\/09\/LaMome2021_Page_01-550x778.jpg 550w, https:\/\/lamomegroupe.com\/wp-content\/uploads\/2025\/09\/LaMome2021_Page_01-370x524.jpg 370w, https:\/\/lamomegroupe.com\/wp-content\/uploads\/2025\/09\/LaMome2021_Page_01-255x361.jpg 255w\" sizes=\"(max-width: 612px) 100vw, 612px\" \/>\t\t\t\t\t\t\t\t<\/a>\n\t\t\t\t\t\t\t\t\t\t\t\t\t\t\t<\/div>\n\t\t\t\t<div class=\"elementor-element elementor-element-e0c6fac elementor-widget elementor-widget-heading\" data-id=\"e0c6fac\" data-element_type=\"widget\" data-e-type=\"widget\" data-widget_type=\"heading.default\">\n\t\t\t\t\t<h3 class=\"elementor-heading-title elementor-size-default\">2021<\/h3>\t\t\t\t<\/div>\n\t\t\t\t<\/div>\n\t\t<div class=\"elementor-element elementor-element-53a698e e-con-full e-flex e-con e-child\" data-id=\"53a698e\" data-element_type=\"container\" data-e-type=\"container\">\n\t\t\t\t<div class=\"elementor-element elementor-element-e4c3eaa elementor-widget elementor-widget-image\" data-id=\"e4c3eaa\" data-element_type=\"widget\" data-e-type=\"widget\" data-widget_type=\"image.default\">\n\t\t\t\t\t\t\t\t\t\t\t\t\t\t\t\t<a href=\"https:\/\/www.calameo.com\/read\/0050401859365eba61e4b?authid=QwwYFwVAOGVi\" target=\"_blank\">\n\t\t\t\t\t\t\t<img loading=\"lazy\" decoding=\"async\" width=\"724\" height=\"1024\" src=\"https:\/\/lamomegroupe.com\/wp-content\/uploads\/2025\/09\/LaMome2020_Page_01-724x1024.jpg\" class=\"attachment-large size-large wp-image-13032\" alt=\"\" srcset=\"https:\/\/lamomegroupe.com\/wp-content\/uploads\/2025\/09\/LaMome2020_Page_01-724x1024.jpg 724w, https:\/\/lamomegroupe.com\/wp-content\/uploads\/2025\/09\/LaMome2020_Page_01-212x300.jpg 212w, https:\/\/lamomegroupe.com\/wp-content\/uploads\/2025\/09\/LaMome2020_Page_01-768x1086.jpg 768w, https:\/\/lamomegroupe.com\/wp-content\/uploads\/2025\/09\/LaMome2020_Page_01-780x1103.jpg 780w, https:\/\/lamomegroupe.com\/wp-content\/uploads\/2025\/09\/LaMome2020_Page_01-600x849.jpg 600w, https:\/\/lamomegroupe.com\/wp-content\/uploads\/2025\/09\/LaMome2020_Page_01-550x778.jpg 550w, https:\/\/lamomegroupe.com\/wp-content\/uploads\/2025\/09\/LaMome2020_Page_01-370x523.jpg 370w, https:\/\/lamomegroupe.com\/wp-content\/uploads\/2025\/09\/LaMome2020_Page_01-255x361.jpg 255w, https:\/\/lamomegroupe.com\/wp-content\/uploads\/2025\/09\/LaMome2020_Page_01.jpg 794w\" sizes=\"(max-width: 724px) 100vw, 724px\" \/>\t\t\t\t\t\t\t\t<\/a>\n\t\t\t\t\t\t\t\t\t\t\t\t\t\t\t<\/div>\n\t\t\t\t<div class=\"elementor-element elementor-element-6f9877b elementor-widget elementor-widget-heading\" data-id=\"6f9877b\" data-element_type=\"widget\" data-e-type=\"widget\" data-widget_type=\"heading.default\">\n\t\t\t\t\t<h3 class=\"elementor-heading-title elementor-size-default\">2020<\/h3>\t\t\t\t<\/div>\n\t\t\t\t<\/div>\n\t\t\t\t<\/div>\n\t\t\t\t\t<\/div>\n\t\t\t\t<\/div>\n\t\t\t\t<\/div>\n\t\t","protected":false},"excerpt":{"rendered":"<p>The Magazine Carri\u00e8re La m\u00f4me groupe magazine 2025 2022 2021 2020<\/p>\n","protected":false},"author":2,"featured_media":0,"parent":0,"menu_order":0,"comment_status":"closed","ping_status":"closed","template":"elementor_header_footer","meta":{"patiotime_single_page_hide_site_header":"","patiotime_single_page_site_header_source":"","patiotime_single_page_custom_site_header":"","patiotime_single_page_custom_sticky_site_header":"","patiotime_single_page_hide_page_title":"","patiotime_single_page_header_section_size":"","patiotime_single_page_header_background_color":"","patiotime_single_page_header_background_position_x":"center","patiotime_single_page_header_background_position_y":"center","patiotime_single_page_header_background_size":"cover","patiotime_single_page_header_background_repeat":"off","patiotime_single_page_header_background_scroll":"on","patiotime_single_page_header_text_color":"","patiotime_single_page_header_show_breadcrumb":"","patiotime_single_page_site_footer_hide_main":"","patiotime_single_page_site_footer_hide_above":"","patiotime_single_page_site_footer_hide_instagram":"","patiotime_single_page_site_footer_hide_bottom":"","footnotes":""},"class_list":["post-11626","page","type-page","status-publish","hentry"],"yoast_head":"<!-- This site is optimized with the Yoast SEO plugin v27.0 - https:\/\/yoast.com\/product\/yoast-seo-wordpress\/ -->\n<title>The Magazine | La M\u00f4me Group | Lifestyle &amp; Art de Vivre<\/title>\n<meta name=\"description\" content=\"Discover La M\u00f4me Group Magazine: art de vivre, gastronomy, culture and Mediterranean lifestyle. Explore our annual editions celebrating the French Riviera spirit and our venues around the world.\" \/>\n<meta name=\"robots\" content=\"noindex, follow, max-snippet:-1, max-image-preview:large, max-video-preview:-1\" \/>\n<meta property=\"og:locale\" content=\"en_US\" \/>\n<meta property=\"og:type\" content=\"article\" \/>\n<meta property=\"og:title\" content=\"The Magazine | La M\u00f4me Group | Lifestyle &amp; Art de Vivre\" \/>\n<meta property=\"og:description\" content=\"Discover La M\u00f4me Group Magazine: art de vivre, gastronomy, culture and Mediterranean lifestyle. Explore our annual editions celebrating the French Riviera spirit and our venues around the world.\" \/>\n<meta property=\"og:url\" content=\"https:\/\/lamomegroupe.com\/en\/the-magazine\/\" \/>\n<meta property=\"og:site_name\" content=\"M\u00f4me Groupe\" \/>\n<meta property=\"article:modified_time\" content=\"2025-10-02T18:55:43+00:00\" \/>\n<meta property=\"og:image\" content=\"https:\/\/lamomegroupe.com\/wp-content\/uploads\/2025\/09\/Capture-decran-12.09.2025-a-10.25.28-AM-730x1024.png\" \/>\n<meta name=\"twitter:card\" content=\"summary_large_image\" \/>\n<meta name=\"twitter:label1\" content=\"Est. reading time\" \/>\n\t<meta name=\"twitter:data1\" content=\"1 minute\" \/>\n<script type=\"application\/ld+json\" class=\"yoast-schema-graph\">{\"@context\":\"https:\/\/schema.org\",\"@graph\":[{\"@type\":\"WebPage\",\"@id\":\"https:\/\/lamomegroupe.com\/en\/the-magazine\/\",\"url\":\"https:\/\/lamomegroupe.com\/en\/the-magazine\/\",\"name\":\"The Magazine | La M\u00f4me Group | Lifestyle & Art de Vivre\",\"isPartOf\":{\"@id\":\"https:\/\/lamomegroupe.com\/en\/#website\"},\"primaryImageOfPage\":{\"@id\":\"https:\/\/lamomegroupe.com\/en\/the-magazine\/#primaryimage\"},\"image\":{\"@id\":\"https:\/\/lamomegroupe.com\/en\/the-magazine\/#primaryimage\"},\"thumbnailUrl\":\"https:\/\/lamomegroupe.com\/wp-content\/uploads\/2025\/09\/Capture-decran-12.09.2025-a-10.25.28-AM-730x1024.png\",\"datePublished\":\"2022-04-05T13:55:08+00:00\",\"dateModified\":\"2025-10-02T18:55:43+00:00\",\"description\":\"Discover La M\u00f4me Group Magazine: art de vivre, gastronomy, culture and Mediterranean lifestyle. Explore our annual editions celebrating the French Riviera spirit and our venues around the world.\",\"breadcrumb\":{\"@id\":\"https:\/\/lamomegroupe.com\/en\/the-magazine\/#breadcrumb\"},\"inLanguage\":\"en-US\",\"potentialAction\":[{\"@type\":\"ReadAction\",\"target\":[\"https:\/\/lamomegroupe.com\/en\/the-magazine\/\"]}]},{\"@type\":\"ImageObject\",\"inLanguage\":\"en-US\",\"@id\":\"https:\/\/lamomegroupe.com\/en\/the-magazine\/#primaryimage\",\"url\":\"https:\/\/lamomegroupe.com\/wp-content\/uploads\/2025\/09\/Capture-decran-12.09.2025-a-10.25.28-AM-730x1024.png\",\"contentUrl\":\"https:\/\/lamomegroupe.com\/wp-content\/uploads\/2025\/09\/Capture-decran-12.09.2025-a-10.25.28-AM-730x1024.png\"},{\"@type\":\"BreadcrumbList\",\"@id\":\"https:\/\/lamomegroupe.com\/en\/the-magazine\/#breadcrumb\",\"itemListElement\":[{\"@type\":\"ListItem\",\"position\":1,\"name\":\"Home\",\"item\":\"https:\/\/lamomegroupe.com\/en\/\"},{\"@type\":\"ListItem\",\"position\":2,\"name\":\"The Magazine\"}]},{\"@type\":\"WebSite\",\"@id\":\"https:\/\/lamomegroupe.com\/en\/#website\",\"url\":\"https:\/\/lamomegroupe.com\/en\/\",\"name\":\"M\u00f4me Groupe\",\"description\":\"Petit-d\u00e9jeuner . D\u00e9jeuner . P\u00e2tisseries . Glaces artisanales\",\"publisher\":{\"@id\":\"https:\/\/lamomegroupe.com\/en\/#organization\"},\"potentialAction\":[{\"@type\":\"SearchAction\",\"target\":{\"@type\":\"EntryPoint\",\"urlTemplate\":\"https:\/\/lamomegroupe.com\/en\/?s={search_term_string}\"},\"query-input\":{\"@type\":\"PropertyValueSpecification\",\"valueRequired\":true,\"valueName\":\"search_term_string\"}}],\"inLanguage\":\"en-US\"},{\"@type\":\"Organization\",\"@id\":\"https:\/\/lamomegroupe.com\/en\/#organization\",\"name\":\"M\u00f4me Groupe\",\"url\":\"https:\/\/lamomegroupe.com\/en\/\",\"logo\":{\"@type\":\"ImageObject\",\"inLanguage\":\"en-US\",\"@id\":\"https:\/\/lamomegroupe.com\/en\/#\/schema\/logo\/image\/\",\"url\":\"https:\/\/lamomegroupe.com\/wp-content\/uploads\/2025\/09\/LA_MOME_GROUPE_LOGO_BLANC.png\",\"contentUrl\":\"https:\/\/lamomegroupe.com\/wp-content\/uploads\/2025\/09\/LA_MOME_GROUPE_LOGO_BLANC.png\",\"width\":1501,\"height\":876,\"caption\":\"M\u00f4me Groupe\"},\"image\":{\"@id\":\"https:\/\/lamomegroupe.com\/en\/#\/schema\/logo\/image\/\"}}]}<\/script>\n<!-- \/ Yoast SEO plugin. -->","yoast_head_json":{"title":"The Magazine | La M\u00f4me Group | Lifestyle & Art de Vivre","description":"Discover La M\u00f4me Group Magazine: art de vivre, gastronomy, culture and Mediterranean lifestyle. Explore our annual editions celebrating the French Riviera spirit and our venues around the world.","robots":{"index":"noindex","follow":"follow","max-snippet":"max-snippet:-1","max-image-preview":"max-image-preview:large","max-video-preview":"max-video-preview:-1"},"og_locale":"en_US","og_type":"article","og_title":"The Magazine | La M\u00f4me Group | Lifestyle & Art de Vivre","og_description":"Discover La M\u00f4me Group Magazine: art de vivre, gastronomy, culture and Mediterranean lifestyle. Explore our annual editions celebrating the French Riviera spirit and our venues around the world.","og_url":"https:\/\/lamomegroupe.com\/en\/the-magazine\/","og_site_name":"M\u00f4me Groupe","article_modified_time":"2025-10-02T18:55:43+00:00","og_image":[{"url":"https:\/\/lamomegroupe.com\/wp-content\/uploads\/2025\/09\/Capture-decran-12.09.2025-a-10.25.28-AM-730x1024.png","type":"","width":"","height":""}],"twitter_card":"summary_large_image","twitter_misc":{"Est. reading time":"1 minute"},"schema":{"@context":"https:\/\/schema.org","@graph":[{"@type":"WebPage","@id":"https:\/\/lamomegroupe.com\/en\/the-magazine\/","url":"https:\/\/lamomegroupe.com\/en\/the-magazine\/","name":"The Magazine | La M\u00f4me Group | Lifestyle & Art de Vivre","isPartOf":{"@id":"https:\/\/lamomegroupe.com\/en\/#website"},"primaryImageOfPage":{"@id":"https:\/\/lamomegroupe.com\/en\/the-magazine\/#primaryimage"},"image":{"@id":"https:\/\/lamomegroupe.com\/en\/the-magazine\/#primaryimage"},"thumbnailUrl":"https:\/\/lamomegroupe.com\/wp-content\/uploads\/2025\/09\/Capture-decran-12.09.2025-a-10.25.28-AM-730x1024.png","datePublished":"2022-04-05T13:55:08+00:00","dateModified":"2025-10-02T18:55:43+00:00","description":"Discover La M\u00f4me Group Magazine: art de vivre, gastronomy, culture and Mediterranean lifestyle. Explore our annual editions celebrating the French Riviera spirit and our venues around the world.","breadcrumb":{"@id":"https:\/\/lamomegroupe.com\/en\/the-magazine\/#breadcrumb"},"inLanguage":"en-US","potentialAction":[{"@type":"ReadAction","target":["https:\/\/lamomegroupe.com\/en\/the-magazine\/"]}]},{"@type":"ImageObject","inLanguage":"en-US","@id":"https:\/\/lamomegroupe.com\/en\/the-magazine\/#primaryimage","url":"https:\/\/lamomegroupe.com\/wp-content\/uploads\/2025\/09\/Capture-decran-12.09.2025-a-10.25.28-AM-730x1024.png","contentUrl":"https:\/\/lamomegroupe.com\/wp-content\/uploads\/2025\/09\/Capture-decran-12.09.2025-a-10.25.28-AM-730x1024.png"},{"@type":"BreadcrumbList","@id":"https:\/\/lamomegroupe.com\/en\/the-magazine\/#breadcrumb","itemListElement":[{"@type":"ListItem","position":1,"name":"Home","item":"https:\/\/lamomegroupe.com\/en\/"},{"@type":"ListItem","position":2,"name":"The Magazine"}]},{"@type":"WebSite","@id":"https:\/\/lamomegroupe.com\/en\/#website","url":"https:\/\/lamomegroupe.com\/en\/","name":"M\u00f4me Groupe","description":"Petit-d\u00e9jeuner . D\u00e9jeuner . P\u00e2tisseries . Glaces artisanales","publisher":{"@id":"https:\/\/lamomegroupe.com\/en\/#organization"},"potentialAction":[{"@type":"SearchAction","target":{"@type":"EntryPoint","urlTemplate":"https:\/\/lamomegroupe.com\/en\/?s={search_term_string}"},"query-input":{"@type":"PropertyValueSpecification","valueRequired":true,"valueName":"search_term_string"}}],"inLanguage":"en-US"},{"@type":"Organization","@id":"https:\/\/lamomegroupe.com\/en\/#organization","name":"M\u00f4me Groupe","url":"https:\/\/lamomegroupe.com\/en\/","logo":{"@type":"ImageObject","inLanguage":"en-US","@id":"https:\/\/lamomegroupe.com\/en\/#\/schema\/logo\/image\/","url":"https:\/\/lamomegroupe.com\/wp-content\/uploads\/2025\/09\/LA_MOME_GROUPE_LOGO_BLANC.png","contentUrl":"https:\/\/lamomegroupe.com\/wp-content\/uploads\/2025\/09\/LA_MOME_GROUPE_LOGO_BLANC.png","width":1501,"height":876,"caption":"M\u00f4me Groupe"},"image":{"@id":"https:\/\/lamomegroupe.com\/en\/#\/schema\/logo\/image\/"}}]}},"_links":{"self":[{"href":"https:\/\/lamomegroupe.com\/en\/wp-json\/wp\/v2\/pages\/11626","targetHints":{"allow":["GET"]}}],"collection":[{"href":"https:\/\/lamomegroupe.com\/en\/wp-json\/wp\/v2\/pages"}],"about":[{"href":"https:\/\/lamomegroupe.com\/en\/wp-json\/wp\/v2\/types\/page"}],"author":[{"embeddable":true,"href":"https:\/\/lamomegroupe.com\/en\/wp-json\/wp\/v2\/users\/2"}],"replies":[{"embeddable":true,"href":"https:\/\/lamomegroupe.com\/en\/wp-json\/wp\/v2\/comments?post=11626"}],"version-history":[{"count":0,"href":"https:\/\/lamomegroupe.com\/en\/wp-json\/wp\/v2\/pages\/11626\/revisions"}],"wp:attachment":[{"href":"https:\/\/lamomegroupe.com\/en\/wp-json\/wp\/v2\/media?parent=11626"}],"curies":[{"name":"wp","href":"https:\/\/api.w.org\/{rel}","templated":true}]}}