{"id":11611,"date":"2024-09-02T16:15:28","date_gmt":"2024-09-02T16:15:28","guid":{"rendered":"https:\/\/lamomegroupe.com\/home\/"},"modified":"2025-10-03T16:09:20","modified_gmt":"2025-10-03T16:09:20","slug":"home","status":"publish","type":"page","link":"https:\/\/lamomegroupe.com\/en\/","title":{"rendered":"Home"},"content":{"rendered":"\t\t<div data-elementor-type=\"wp-page\" data-elementor-id=\"11611\" class=\"elementor elementor-11611 elementor-9869\" data-elementor-post-type=\"page\">\n\t\t\t\t<div class=\"elementor-element elementor-element-0c5b25f e-flex e-con-boxed e-con e-parent\" data-id=\"0c5b25f\" data-element_type=\"container\" data-e-type=\"container\" data-settings=\"{&quot;background_background&quot;:&quot;video&quot;,&quot;background_play_on_mobile&quot;:&quot;yes&quot;,&quot;background_video_start&quot;:0,&quot;background_video_link&quot;:&quot;https:\\\/\\\/lamomegroupe.com\\\/wp-content\\\/uploads\\\/2025\\\/09\\\/mome-10ans.mp4&quot;}\">\n\t\t\t\t\t<div class=\"e-con-inner\">\n\t\t<div class=\"elementor-background-video-container\">\n\t\t\t\t\t\t\t<video class=\"elementor-background-video-hosted\" role=\"presentation\" autoplay muted playsinline loop><\/video>\n\t\t\t\t\t<\/div><div class=\"elementor-element elementor-element-76f487f e-con-full e-flex e-con e-child\" data-id=\"76f487f\" data-element_type=\"container\" data-e-type=\"container\">\n\t\t\t\t<div class=\"elementor-element elementor-element-db78e14 elementor-widget elementor-widget-spacer\" data-id=\"db78e14\" data-element_type=\"widget\" data-e-type=\"widget\" data-widget_type=\"spacer.default\">\n\t\t\t\t\t\t\t<div class=\"elementor-spacer\">\n\t\t\t<div class=\"elementor-spacer-inner\"><\/div>\n\t\t<\/div>\n\t\t\t\t\t\t<\/div>\n\t\t<div class=\"elementor-element elementor-element-3d40eb2 e-con-full e-flex e-con e-child\" data-id=\"3d40eb2\" data-element_type=\"container\" data-e-type=\"container\">\n\t\t\t\t<div class=\"elementor-element elementor-element-70f31d2 elementor-align-justify animated-slow elementor-mobile-align-justify elementor-widget__width-initial elementor-widget elementor-widget-button\" data-id=\"70f31d2\" data-element_type=\"widget\" data-e-type=\"widget\" data-settings=\"{&quot;_animation&quot;:&quot;none&quot;}\" data-widget_type=\"button.default\">\n\t\t\t\t\t\t\t\t\t\t<a class=\"elementor-button elementor-button-link elementor-size-sm\" href=\"https:\/\/lamomegroupe.com\/carriere\/\" target=\"_blank\">\n\t\t\t\t\t\t<span class=\"elementor-button-content-wrapper\">\n\t\t\t\t\t\t\t\t\t<span class=\"elementor-button-text\">CAREER<\/span>\n\t\t\t\t\t<\/span>\n\t\t\t\t\t<\/a>\n\t\t\t\t\t\t\t\t<\/div>\n\t\t\t\t<div class=\"elementor-element elementor-element-5aa63e2 animated-slow elementor-mobile-align-justify elementor-widget__width-initial elementor-widget elementor-widget-button\" data-id=\"5aa63e2\" data-element_type=\"widget\" data-e-type=\"widget\" data-settings=\"{&quot;_animation&quot;:&quot;none&quot;}\" data-widget_type=\"button.default\">\n\t\t\t\t\t\t\t\t\t\t<a class=\"elementor-button elementor-button-link elementor-size-sm\" href=\"https:\/\/lamomegroupe.com\/en\/the-magazine\/\">\n\t\t\t\t\t\t<span class=\"elementor-button-content-wrapper\">\n\t\t\t\t\t\t\t\t\t<span class=\"elementor-button-text\">MAGAZINE<\/span>\n\t\t\t\t\t<\/span>\n\t\t\t\t\t<\/a>\n\t\t\t\t\t\t\t\t<\/div>\n\t\t\t\t<\/div>\n\t\t\t\t<\/div>\n\t\t\t\t\t<\/div>\n\t\t\t\t<\/div>\n\t\t<div class=\"elementor-element elementor-element-f8bea61 e-flex e-con-boxed e-con e-parent\" data-id=\"f8bea61\" data-element_type=\"container\" data-e-type=\"container\" data-settings=\"{&quot;background_background&quot;:&quot;classic&quot;}\">\n\t\t\t\t\t<div class=\"e-con-inner\">\n\t\t<div class=\"elementor-element elementor-element-07be6c0 e-con-full e-flex e-con e-child\" data-id=\"07be6c0\" data-element_type=\"container\" data-e-type=\"container\" data-settings=\"{&quot;background_background&quot;:&quot;classic&quot;}\">\n\t\t\t\t<\/div>\n\t\t<div class=\"elementor-element elementor-element-52f7415 e-con-full e-flex e-con e-child\" data-id=\"52f7415\" data-element_type=\"container\" data-e-type=\"container\">\n\t\t\t\t<div class=\"elementor-element elementor-element-9c20f19 elementor-widget elementor-widget-heading\" data-id=\"9c20f19\" data-element_type=\"widget\" data-e-type=\"widget\" data-widget_type=\"heading.default\">\n\t\t\t\t\t<h2 class=\"elementor-heading-title elementor-size-default\">The group<\/h2>\t\t\t\t<\/div>\n\t\t\t\t<div class=\"elementor-element elementor-element-f1546a7 elementor-widget elementor-widget-text-editor\" data-id=\"f1546a7\" data-element_type=\"widget\" data-e-type=\"widget\" data-widget_type=\"text-editor.default\">\n\t\t\t\t\t\t\t\t\t<p><em>Whether it\u2019s La M\u00f4me, La Plage, Mid\u00f4 or M\u00f4ka, the signature spirit of the M\u00f4me Groupe is felt in every one of its venues. A sun-drenched and generous atmosphere, reflecting the image of its founders: Antoine &amp; Ugo Lecorch\u00e9, and Yankel &amp; Gregory Hassan. Two inseparable pairs of brothers, united by work and friendship.<\/em><\/p><p><em>Born in the region or adopted by it, the South runs in their veins. <\/em><\/p><p><em>It all began in Cannes, hidden away in a quiet little alley. What seemed like an ordinary path opened onto a secret spot, known only to insiders. Very quickly, the spirit of La M\u00f4me took hold, and what started as a small restaurant soon grew into something much greater.<br \/>From there, the story unfolded naturally, guided by opportunity and passion. La M\u00f4me was joined by Mid\u00f4, a refined and intimate Nikkei concept, La Plage, where the sea takes center stage, and M\u00f4ka, a brasserie as warm as it is generous.<\/em><\/p><p><em>In every M\u00f4me venue, the atmosphere, the energy, the attitude, and the spirit of the Mediterranean are celebrated, day and night.<\/em><\/p>\t\t\t\t\t\t\t\t<\/div>\n\t\t\t\t<div class=\"elementor-element elementor-element-c2e2f15 elementor-align-justify animated-slow elementor-tablet-align-center elementor-widget__width-initial elementor-invisible elementor-widget elementor-widget-button\" data-id=\"c2e2f15\" data-element_type=\"widget\" data-e-type=\"widget\" data-settings=\"{&quot;_animation&quot;:&quot;slideInRight&quot;}\" data-widget_type=\"button.default\">\n\t\t\t\t\t\t\t\t\t\t<a class=\"elementor-button elementor-button-link elementor-size-sm\" href=\"https:\/\/lamomegroupe.com\/en\/la-mome-groupe\/\">\n\t\t\t\t\t\t<span class=\"elementor-button-content-wrapper\">\n\t\t\t\t\t\t\t\t\t<span class=\"elementor-button-text\">THE GROUP<\/span>\n\t\t\t\t\t<\/span>\n\t\t\t\t\t<\/a>\n\t\t\t\t\t\t\t\t<\/div>\n\t\t\t\t<\/div>\n\t\t\t\t\t<\/div>\n\t\t\t\t<\/div>\n\t\t<div class=\"elementor-element elementor-element-f1a7dfb e-flex e-con-boxed e-con e-parent\" data-id=\"f1a7dfb\" data-element_type=\"container\" data-e-type=\"container\" data-settings=\"{&quot;background_background&quot;:&quot;classic&quot;}\">\n\t\t\t\t\t<div class=\"e-con-inner\">\n\t\t<div class=\"elementor-element elementor-element-381f94a e-con-full e-flex e-con e-child\" data-id=\"381f94a\" data-element_type=\"container\" data-e-type=\"container\">\n\t\t\t\t<\/div>\n\t\t\t\t\t<\/div>\n\t\t\t\t<\/div>\n\t\t<div class=\"elementor-element elementor-element-a8ae529 e-flex e-con-boxed e-con e-parent\" data-id=\"a8ae529\" data-element_type=\"container\" data-e-type=\"container\" data-settings=\"{&quot;background_background&quot;:&quot;classic&quot;}\">\n\t\t\t\t\t<div class=\"e-con-inner\">\n\t\t<div class=\"elementor-element elementor-element-7a7b483 e-con-full e-flex e-con e-child\" data-id=\"7a7b483\" data-element_type=\"container\" data-e-type=\"container\">\n\t\t\t\t<div class=\"elementor-element elementor-element-b93e00d elementor-widget elementor-widget-heading\" data-id=\"b93e00d\" data-element_type=\"widget\" data-e-type=\"widget\" data-widget_type=\"heading.default\">\n\t\t\t\t\t<h2 class=\"elementor-heading-title elementor-size-default\">We dance, we laugh, we live<\/h2>\t\t\t\t<\/div>\n\t\t\t\t<div class=\"elementor-element elementor-element-81c1aa8 elementor-widget elementor-widget-text-editor\" data-id=\"81c1aa8\" data-element_type=\"widget\" data-e-type=\"widget\" data-widget_type=\"text-editor.default\">\n\t\t\t\t\t\t\t\t\t<p>La M\u00f4me will always be La M\u00f4me.&nbsp;<\/p><p><span style=\"font-size: inherit;\">A place to meet up with friends, with impeccable welcome and service, to share quality dishes, all in an elegant, relaxed atmosphere.<\/span><\/p>\n<p><span style=\"font-size: inherit; color: var( --e-global-color-text ); font-family: var( --e-global-typography-text-font-family ), Sans-serif; font-weight: var( --e-global-typography-text-font-weight );\">This is what inspired Antoine &amp; Ugo Lecorch\u00e9 to name La M\u00f4me, in homage to Suzanne Vreurick, nicknamed &#8220;La M\u00f4me Moineau&#8221;. This iconic woman has had a thousand lives: flower seller in the Parisian clubs of the Roaring Twenties, singer with legendary repartee, then Cannes billionaire. Suzanne loves to dance, laugh and live. Thanks to her sumptuous soir\u00e9es, she became the image of the glamorous life of the French Riviera. An art of living and entertaining dear to    &nbsp;<\/span><span style=\"font-size: inherit; color: var( --e-global-color-text ); font-family: var( --e-global-typography-text-font-family ), Sans-serif; font-weight: var( --e-global-typography-text-font-weight );\">La M\u00f4me.<\/span><\/p>\n<p>From Cannes to London, La M\u00f4me offers sunny, festive cuisine. Inspiration: the subtle, straightforward flavors of Mediterranean culture. The journey begins with a blend of lemon thyme and olive oil, in which dipping the foccacia is wildly addictive.  <\/p>\n<p>Afterwards, the scents of Provence will joyfully accompany this moment of sharing.<\/p>\t\t\t\t\t\t\t\t<\/div>\n\t\t\t\t<div class=\"elementor-element elementor-element-4964b0e elementor-align-justify animated-slow elementor-tablet-align-justify elementor-widget__width-initial elementor-invisible elementor-widget elementor-widget-button\" data-id=\"4964b0e\" data-element_type=\"widget\" data-e-type=\"widget\" data-settings=\"{&quot;_animation&quot;:&quot;slideInRight&quot;}\" data-widget_type=\"button.default\">\n\t\t\t\t\t\t\t\t\t\t<a class=\"elementor-button elementor-button-link elementor-size-sm\" href=\"https:\/\/lamomegroupe.com\/en\/restaurants\/\">\n\t\t\t\t\t\t<span class=\"elementor-button-content-wrapper\">\n\t\t\t\t\t\t\t\t\t<span class=\"elementor-button-text\">THE RESTAURANTS<\/span>\n\t\t\t\t\t<\/span>\n\t\t\t\t\t<\/a>\n\t\t\t\t\t\t\t\t<\/div>\n\t\t\t\t<\/div>\n\t\t<div class=\"elementor-element elementor-element-8a98248 e-con-full e-flex e-con e-child\" data-id=\"8a98248\" data-element_type=\"container\" data-e-type=\"container\" data-settings=\"{&quot;background_background&quot;:&quot;classic&quot;}\">\n\t\t<div class=\"elementor-element elementor-element-020e438 e-con-full e-flex e-con e-child\" data-id=\"020e438\" data-element_type=\"container\" data-e-type=\"container\" data-settings=\"{&quot;background_background&quot;:&quot;classic&quot;}\">\n\t\t\t\t<\/div>\n\t\t\t\t<\/div>\n\t\t\t\t\t<\/div>\n\t\t\t\t<\/div>\n\t\t\t\t<\/div>\n\t\t","protected":false},"excerpt":{"rendered":"<p>CAREER MAGAZINE The group Whether it\u2019s La M\u00f4me, La Plage, Mid\u00f4 or M\u00f4ka, the signature spirit of the M\u00f4me Groupe is felt in every one of its venues. A sun-drenched and generous atmosphere, reflecting the image of its founders: Antoine &amp; Ugo Lecorch\u00e9, and Yankel &amp; Gregory Hassan. Two inseparable pairs of brothers, united by &#8230;<\/p>\n","protected":false},"author":2,"featured_media":0,"parent":0,"menu_order":0,"comment_status":"closed","ping_status":"closed","template":"elementor_header_footer","meta":{"patiotime_single_page_hide_site_header":"","patiotime_single_page_site_header_source":"","patiotime_single_page_custom_site_header":"","patiotime_single_page_custom_sticky_site_header":"","patiotime_single_page_hide_page_title":"","patiotime_single_page_header_section_size":"","patiotime_single_page_header_background_color":"","patiotime_single_page_header_background_position_x":"center","patiotime_single_page_header_background_position_y":"center","patiotime_single_page_header_background_size":"cover","patiotime_single_page_header_background_repeat":"off","patiotime_single_page_header_background_scroll":"on","patiotime_single_page_header_text_color":"","patiotime_single_page_header_show_breadcrumb":"","patiotime_single_page_site_footer_hide_main":"","patiotime_single_page_site_footer_hide_above":"","patiotime_single_page_site_footer_hide_instagram":"","patiotime_single_page_site_footer_hide_bottom":"","footnotes":""},"class_list":["post-11611","page","type-page","status-publish","hentry"],"yoast_head":"<!-- This site is optimized with the Yoast SEO plugin v27.4 - https:\/\/yoast.com\/product\/yoast-seo-wordpress\/ -->\n<title>La M\u00f4me Group | Mediterranean Restaurants | Cannes, Monaco, Paris, London<\/title>\n<meta name=\"description\" content=\"Discover La M\u00f4me Group: La M\u00f4me, Mid\u00f4, La Plage and M\u00f4ka restaurants in Cannes, Monaco, Paris and London. Vibrant Mediterranean cuisine in an elegant atmosphere inspired by the French Riviera lifestyle.\" \/>\n<meta name=\"robots\" content=\"index, follow, max-snippet:-1, max-image-preview:large, max-video-preview:-1\" \/>\n<link rel=\"canonical\" href=\"https:\/\/lamomegroupe.com\/en\/\" \/>\n<meta property=\"og:locale\" content=\"en_US\" \/>\n<meta property=\"og:type\" content=\"article\" \/>\n<meta property=\"og:title\" content=\"La M\u00f4me Group | Mediterranean Restaurants | Cannes, Monaco, Paris, London\" \/>\n<meta property=\"og:description\" content=\"Discover La M\u00f4me Group: La M\u00f4me, Mid\u00f4, La Plage and M\u00f4ka restaurants in Cannes, Monaco, Paris and London. Vibrant Mediterranean cuisine in an elegant atmosphere inspired by the French Riviera lifestyle.\" \/>\n<meta property=\"og:url\" content=\"https:\/\/lamomegroupe.com\/en\/\" \/>\n<meta property=\"og:site_name\" content=\"M\u00f4me Groupe\" \/>\n<meta property=\"article:modified_time\" content=\"2025-10-03T16:09:20+00:00\" \/>\n<meta name=\"twitter:card\" content=\"summary_large_image\" \/>\n<meta name=\"twitter:label1\" content=\"Est. reading time\" \/>\n\t<meta name=\"twitter:data1\" content=\"2 minutes\" \/>\n<script type=\"application\/ld+json\" class=\"yoast-schema-graph\">{\"@context\":\"https:\\\/\\\/schema.org\",\"@graph\":[{\"@type\":\"WebPage\",\"@id\":\"https:\\\/\\\/lamomegroupe.com\\\/en\\\/\",\"url\":\"https:\\\/\\\/lamomegroupe.com\\\/en\\\/\",\"name\":\"La M\u00f4me Group | Mediterranean Restaurants | Cannes, Monaco, Paris, London\",\"isPartOf\":{\"@id\":\"https:\\\/\\\/lamomegroupe.com\\\/en\\\/#website\"},\"datePublished\":\"2024-09-02T16:15:28+00:00\",\"dateModified\":\"2025-10-03T16:09:20+00:00\",\"description\":\"Discover La M\u00f4me Group: La M\u00f4me, Mid\u00f4, La Plage and M\u00f4ka restaurants in Cannes, Monaco, Paris and London. Vibrant Mediterranean cuisine in an elegant atmosphere inspired by the French Riviera lifestyle.\",\"breadcrumb\":{\"@id\":\"https:\\\/\\\/lamomegroupe.com\\\/en\\\/#breadcrumb\"},\"inLanguage\":\"en-US\",\"potentialAction\":[{\"@type\":\"ReadAction\",\"target\":[\"https:\\\/\\\/lamomegroupe.com\\\/en\\\/\"]}]},{\"@type\":\"BreadcrumbList\",\"@id\":\"https:\\\/\\\/lamomegroupe.com\\\/en\\\/#breadcrumb\",\"itemListElement\":[{\"@type\":\"ListItem\",\"position\":1,\"name\":\"Home\",\"item\":\"https:\\\/\\\/lamomegroupe.com\\\/en\\\/\"},{\"@type\":\"ListItem\",\"position\":2,\"name\":\"Home\"}]},{\"@type\":\"WebSite\",\"@id\":\"https:\\\/\\\/lamomegroupe.com\\\/en\\\/#website\",\"url\":\"https:\\\/\\\/lamomegroupe.com\\\/en\\\/\",\"name\":\"M\u00f4me Groupe\",\"description\":\"Petit-d\u00e9jeuner . D\u00e9jeuner . P\u00e2tisseries . Glaces artisanales\",\"publisher\":{\"@id\":\"https:\\\/\\\/lamomegroupe.com\\\/en\\\/#organization\"},\"potentialAction\":[{\"@type\":\"SearchAction\",\"target\":{\"@type\":\"EntryPoint\",\"urlTemplate\":\"https:\\\/\\\/lamomegroupe.com\\\/en\\\/?s={search_term_string}\"},\"query-input\":{\"@type\":\"PropertyValueSpecification\",\"valueRequired\":true,\"valueName\":\"search_term_string\"}}],\"inLanguage\":\"en-US\"},{\"@type\":\"Organization\",\"@id\":\"https:\\\/\\\/lamomegroupe.com\\\/en\\\/#organization\",\"name\":\"M\u00f4me Groupe\",\"url\":\"https:\\\/\\\/lamomegroupe.com\\\/en\\\/\",\"logo\":{\"@type\":\"ImageObject\",\"inLanguage\":\"en-US\",\"@id\":\"https:\\\/\\\/lamomegroupe.com\\\/en\\\/#\\\/schema\\\/logo\\\/image\\\/\",\"url\":\"https:\\\/\\\/lamomegroupe.com\\\/wp-content\\\/uploads\\\/2025\\\/09\\\/LA_MOME_GROUPE_LOGO_BLANC.png\",\"contentUrl\":\"https:\\\/\\\/lamomegroupe.com\\\/wp-content\\\/uploads\\\/2025\\\/09\\\/LA_MOME_GROUPE_LOGO_BLANC.png\",\"width\":1501,\"height\":876,\"caption\":\"M\u00f4me Groupe\"},\"image\":{\"@id\":\"https:\\\/\\\/lamomegroupe.com\\\/en\\\/#\\\/schema\\\/logo\\\/image\\\/\"}}]}<\/script>\n<!-- \/ Yoast SEO plugin. -->","yoast_head_json":{"title":"La M\u00f4me Group | Mediterranean Restaurants | Cannes, Monaco, Paris, London","description":"Discover La M\u00f4me Group: La M\u00f4me, Mid\u00f4, La Plage and M\u00f4ka restaurants in Cannes, Monaco, Paris and London. Vibrant Mediterranean cuisine in an elegant atmosphere inspired by the French Riviera lifestyle.","robots":{"index":"index","follow":"follow","max-snippet":"max-snippet:-1","max-image-preview":"max-image-preview:large","max-video-preview":"max-video-preview:-1"},"canonical":"https:\/\/lamomegroupe.com\/en\/","og_locale":"en_US","og_type":"article","og_title":"La M\u00f4me Group | Mediterranean Restaurants | Cannes, Monaco, Paris, London","og_description":"Discover La M\u00f4me Group: La M\u00f4me, Mid\u00f4, La Plage and M\u00f4ka restaurants in Cannes, Monaco, Paris and London. Vibrant Mediterranean cuisine in an elegant atmosphere inspired by the French Riviera lifestyle.","og_url":"https:\/\/lamomegroupe.com\/en\/","og_site_name":"M\u00f4me Groupe","article_modified_time":"2025-10-03T16:09:20+00:00","twitter_card":"summary_large_image","twitter_misc":{"Est. reading time":"2 minutes"},"schema":{"@context":"https:\/\/schema.org","@graph":[{"@type":"WebPage","@id":"https:\/\/lamomegroupe.com\/en\/","url":"https:\/\/lamomegroupe.com\/en\/","name":"La M\u00f4me Group | Mediterranean Restaurants | Cannes, Monaco, Paris, London","isPartOf":{"@id":"https:\/\/lamomegroupe.com\/en\/#website"},"datePublished":"2024-09-02T16:15:28+00:00","dateModified":"2025-10-03T16:09:20+00:00","description":"Discover La M\u00f4me Group: La M\u00f4me, Mid\u00f4, La Plage and M\u00f4ka restaurants in Cannes, Monaco, Paris and London. Vibrant Mediterranean cuisine in an elegant atmosphere inspired by the French Riviera lifestyle.","breadcrumb":{"@id":"https:\/\/lamomegroupe.com\/en\/#breadcrumb"},"inLanguage":"en-US","potentialAction":[{"@type":"ReadAction","target":["https:\/\/lamomegroupe.com\/en\/"]}]},{"@type":"BreadcrumbList","@id":"https:\/\/lamomegroupe.com\/en\/#breadcrumb","itemListElement":[{"@type":"ListItem","position":1,"name":"Home","item":"https:\/\/lamomegroupe.com\/en\/"},{"@type":"ListItem","position":2,"name":"Home"}]},{"@type":"WebSite","@id":"https:\/\/lamomegroupe.com\/en\/#website","url":"https:\/\/lamomegroupe.com\/en\/","name":"M\u00f4me Groupe","description":"Petit-d\u00e9jeuner . D\u00e9jeuner . P\u00e2tisseries . Glaces artisanales","publisher":{"@id":"https:\/\/lamomegroupe.com\/en\/#organization"},"potentialAction":[{"@type":"SearchAction","target":{"@type":"EntryPoint","urlTemplate":"https:\/\/lamomegroupe.com\/en\/?s={search_term_string}"},"query-input":{"@type":"PropertyValueSpecification","valueRequired":true,"valueName":"search_term_string"}}],"inLanguage":"en-US"},{"@type":"Organization","@id":"https:\/\/lamomegroupe.com\/en\/#organization","name":"M\u00f4me Groupe","url":"https:\/\/lamomegroupe.com\/en\/","logo":{"@type":"ImageObject","inLanguage":"en-US","@id":"https:\/\/lamomegroupe.com\/en\/#\/schema\/logo\/image\/","url":"https:\/\/lamomegroupe.com\/wp-content\/uploads\/2025\/09\/LA_MOME_GROUPE_LOGO_BLANC.png","contentUrl":"https:\/\/lamomegroupe.com\/wp-content\/uploads\/2025\/09\/LA_MOME_GROUPE_LOGO_BLANC.png","width":1501,"height":876,"caption":"M\u00f4me Groupe"},"image":{"@id":"https:\/\/lamomegroupe.com\/en\/#\/schema\/logo\/image\/"}}]}},"_links":{"self":[{"href":"https:\/\/lamomegroupe.com\/en\/wp-json\/wp\/v2\/pages\/11611","targetHints":{"allow":["GET"]}}],"collection":[{"href":"https:\/\/lamomegroupe.com\/en\/wp-json\/wp\/v2\/pages"}],"about":[{"href":"https:\/\/lamomegroupe.com\/en\/wp-json\/wp\/v2\/types\/page"}],"author":[{"embeddable":true,"href":"https:\/\/lamomegroupe.com\/en\/wp-json\/wp\/v2\/users\/2"}],"replies":[{"embeddable":true,"href":"https:\/\/lamomegroupe.com\/en\/wp-json\/wp\/v2\/comments?post=11611"}],"version-history":[{"count":0,"href":"https:\/\/lamomegroupe.com\/en\/wp-json\/wp\/v2\/pages\/11611\/revisions"}],"wp:attachment":[{"href":"https:\/\/lamomegroupe.com\/en\/wp-json\/wp\/v2\/media?parent=11611"}],"curies":[{"name":"wp","href":"https:\/\/api.w.org\/{rel}","templated":true}]}}